{"id":31,"date":"2025-08-02T08:07:11","date_gmt":"2025-08-02T08:07:11","guid":{"rendered":"https:\/\/rocketsnetball.pt\/?page_id=31"},"modified":"2026-01-30T10:29:07","modified_gmt":"2026-01-30T10:29:07","slug":"register-as-a-member-here","status":"publish","type":"page","link":"https:\/\/rocketsnetball.pt\/pt\/register-as-a-member-here\/","title":{"rendered":"Registe-se como membro aqui"},"content":{"rendered":"<p><strong>A nossa temporada 2025\/26 ter\u00e1 in\u00edcio em setembro de 2025 e decorrer\u00e1 at\u00e9 junho de 2026.<\/strong><br><br>Continuaremos a seguir uma estrutura de pre\u00e7os Pay as You Go para oferecer aos nossos membros a m\u00e1xima liberdade e o melhor valor. As suas tr\u00eas primeiras sess\u00f5es s\u00e3o gratuitas, depois disso pode comprar 10 sess\u00f5es por 35 \u20ac (equipas s\u00e9nior e juvenil). Pode adicionar\/renovar sess\u00f5es a qualquer momento durante a temporada.<br><br>Participar em torneios, jogos amig\u00e1veis ou outras partidas fora dos treinos normais ter\u00e1 um custo para o jogador individual, assim como os eventos sociais. Esperamos que a estrutura\u00e7\u00e3o dos nossos pre\u00e7os desta forma se adapte melhor aos nossos membros que n\u00e3o residem em Portugal a tempo inteiro, n\u00e3o podem participar em todos os treinos ou optam por n\u00e3o jogar em torneios.<br><br>Se desejar aderir como membro social (sem participar nos treinos), ser\u00e1 cobrada uma taxa de 5 \u20ac para aderir ao clube nesta temporada. Deve preencher um formul\u00e1rio de ades\u00e3o e ler e concordar com o nosso c\u00f3digo de conduta e pol\u00edticas como membro social.<br><br>Se quiser vir conhecer-nos ou participar numa sess\u00e3o de treino, entre em contacto com a equipa administrativa do Rockets Netball por e-mail ou atrav\u00e9s das nossas p\u00e1ginas do Facebook ou Instagram. As suas primeiras 3 sess\u00f5es s\u00e3o GR\u00c1TIS! Os treinos para seniores realizam-se \u00e0s segundas e quintas-feiras, das 18h30 \u00e0s 20h, e os treinos para a equipa juvenil \u00e0s quartas-feiras, das 18h \u00e0s 19h, no Polidesportivo Santa Luzia, R. CRD Santaluziense. Esperamos por si!<br><br><strong>Todas as informa\u00e7\u00f5es sobre o nosso clube e os requisitos legais para comiss\u00f5es, membros e jogadores do clube podem ser encontrados em nosso <a href=\"https:\/\/rocketsnetball.pt\/pt\/privacy-policy\/\" data-type=\"link\" data-id=\"https:\/\/rocketsnetball.pt\/en\/?page_id=3\">p\u00e1gina de pol\u00edticas<\/a><\/strong><em><br><\/em><\/p>\n\n\n\n<figure class=\"wp-block-gallery has-nested-images columns-default is-cropped wp-block-gallery-1 is-layout-flex wp-block-gallery-is-layout-flex\">\n<figure class=\"wp-block-image size-large\"><a href=\"https:\/\/rocketsnetball.pt\/pt\/senior-player-member\/\"><img loading=\"lazy\" decoding=\"async\" width=\"1024\" height=\"1024\" data-id=\"102\" src=\"https:\/\/rocketsnetball.pt\/wp-content\/uploads\/2025\/08\/Senior-Player-Members-Sign-Up-1-3-1024x1024.png\" alt=\"\" class=\"wp-image-102\" srcset=\"https:\/\/rocketsnetball.pt\/wp-content\/uploads\/2025\/08\/Senior-Player-Members-Sign-Up-1-3-1024x1024.png 1024w, https:\/\/rocketsnetball.pt\/wp-content\/uploads\/2025\/08\/Senior-Player-Members-Sign-Up-1-3-300x300.png 300w, https:\/\/rocketsnetball.pt\/wp-content\/uploads\/2025\/08\/Senior-Player-Members-Sign-Up-1-3-150x150.png 150w, https:\/\/rocketsnetball.pt\/wp-content\/uploads\/2025\/08\/Senior-Player-Members-Sign-Up-1-3-768x768.png 768w, https:\/\/rocketsnetball.pt\/wp-content\/uploads\/2025\/08\/Senior-Player-Members-Sign-Up-1-3-12x12.png 12w, https:\/\/rocketsnetball.pt\/wp-content\/uploads\/2025\/08\/Senior-Player-Members-Sign-Up-1-3-200x200.png 200w, https:\/\/rocketsnetball.pt\/wp-content\/uploads\/2025\/08\/Senior-Player-Members-Sign-Up-1-3.png 1080w\" sizes=\"auto, (max-width: 1024px) 100vw, 1024px\" \/><\/a><\/figure>\n\n\n\n<figure class=\"wp-block-image size-large\"><a href=\"https:\/\/rocketsnetball.pt\/pt\/youth-team-membership\/\"><img loading=\"lazy\" decoding=\"async\" width=\"1024\" height=\"1024\" data-id=\"431\" src=\"https:\/\/rocketsnetball.pt\/wp-content\/uploads\/2026\/01\/YOUTH-MEMBERS-SIGN-UP-2026-1024x1024.png\" alt=\"\" class=\"wp-image-431\" srcset=\"https:\/\/rocketsnetball.pt\/wp-content\/uploads\/2026\/01\/YOUTH-MEMBERS-SIGN-UP-2026-1024x1024.png 1024w, https:\/\/rocketsnetball.pt\/wp-content\/uploads\/2026\/01\/YOUTH-MEMBERS-SIGN-UP-2026-300x300.png 300w, https:\/\/rocketsnetball.pt\/wp-content\/uploads\/2026\/01\/YOUTH-MEMBERS-SIGN-UP-2026-150x150.png 150w, https:\/\/rocketsnetball.pt\/wp-content\/uploads\/2026\/01\/YOUTH-MEMBERS-SIGN-UP-2026-768x768.png 768w, https:\/\/rocketsnetball.pt\/wp-content\/uploads\/2026\/01\/YOUTH-MEMBERS-SIGN-UP-2026-12x12.png 12w, https:\/\/rocketsnetball.pt\/wp-content\/uploads\/2026\/01\/YOUTH-MEMBERS-SIGN-UP-2026-200x200.png 200w, https:\/\/rocketsnetball.pt\/wp-content\/uploads\/2026\/01\/YOUTH-MEMBERS-SIGN-UP-2026.png 1080w\" sizes=\"auto, (max-width: 1024px) 100vw, 1024px\" \/><\/a><\/figure>\n\n\n\n<figure class=\"wp-block-image size-large\"><a href=\"https:\/\/rocketsnetball.pt\/pt\/social-membership-form\/\"><img loading=\"lazy\" decoding=\"async\" width=\"1024\" height=\"1024\" data-id=\"100\" src=\"https:\/\/rocketsnetball.pt\/wp-content\/uploads\/2025\/08\/Social-Members-Sign-Up-1-1024x1024.png\" alt=\"\" class=\"wp-image-100\" srcset=\"https:\/\/rocketsnetball.pt\/wp-content\/uploads\/2025\/08\/Social-Members-Sign-Up-1-1024x1024.png 1024w, https:\/\/rocketsnetball.pt\/wp-content\/uploads\/2025\/08\/Social-Members-Sign-Up-1-300x300.png 300w, https:\/\/rocketsnetball.pt\/wp-content\/uploads\/2025\/08\/Social-Members-Sign-Up-1-150x150.png 150w, https:\/\/rocketsnetball.pt\/wp-content\/uploads\/2025\/08\/Social-Members-Sign-Up-1-768x768.png 768w, https:\/\/rocketsnetball.pt\/wp-content\/uploads\/2025\/08\/Social-Members-Sign-Up-1-12x12.png 12w, https:\/\/rocketsnetball.pt\/wp-content\/uploads\/2025\/08\/Social-Members-Sign-Up-1-200x200.png 200w, https:\/\/rocketsnetball.pt\/wp-content\/uploads\/2025\/08\/Social-Members-Sign-Up-1.png 1080w\" sizes=\"auto, (max-width: 1024px) 100vw, 1024px\" \/><\/a><\/figure>\n<\/figure>\n\n\n\n<p><\/p>","protected":false},"excerpt":{"rendered":"<p>Our 2025\/26 season will start in September 2025 and run until June 2026 We will continue to follow a Pay as You Go fee structure to give our members the optimum freedom and best value. Your first three sessions are free, after that you can buy 10 sessions for \u20ac35 &hellip;<\/p>","protected":false},"author":1,"featured_media":0,"parent":0,"menu_order":0,"comment_status":"closed","ping_status":"closed","template":"","meta":{"footnotes":""},"class_list":["post-31","page","type-page","status-publish","hentry"],"brizy_media":[],"_links":{"self":[{"href":"https:\/\/rocketsnetball.pt\/pt\/wp-json\/wp\/v2\/pages\/31","targetHints":{"allow":["GET"]}}],"collection":[{"href":"https:\/\/rocketsnetball.pt\/pt\/wp-json\/wp\/v2\/pages"}],"about":[{"href":"https:\/\/rocketsnetball.pt\/pt\/wp-json\/wp\/v2\/types\/page"}],"author":[{"embeddable":true,"href":"https:\/\/rocketsnetball.pt\/pt\/wp-json\/wp\/v2\/users\/1"}],"replies":[{"embeddable":true,"href":"https:\/\/rocketsnetball.pt\/pt\/wp-json\/wp\/v2\/comments?post=31"}],"version-history":[{"count":4,"href":"https:\/\/rocketsnetball.pt\/pt\/wp-json\/wp\/v2\/pages\/31\/revisions"}],"predecessor-version":[{"id":432,"href":"https:\/\/rocketsnetball.pt\/pt\/wp-json\/wp\/v2\/pages\/31\/revisions\/432"}],"wp:attachment":[{"href":"https:\/\/rocketsnetball.pt\/pt\/wp-json\/wp\/v2\/media?parent=31"}],"curies":[{"name":"wp","href":"https:\/\/api.w.org\/{rel}","templated":true}]}}