{"id":218,"date":"2025-08-04T12:06:24","date_gmt":"2025-08-04T12:06:24","guid":{"rendered":"https:\/\/rocketsnetball.pt\/?page_id=218"},"modified":"2025-08-04T12:14:53","modified_gmt":"2025-08-04T12:14:53","slug":"rockets-netball-club-values","status":"publish","type":"page","link":"https:\/\/rocketsnetball.pt\/pt\/rockets-netball-club-values\/","title":{"rendered":"Valores do Clube de Netball Rockets"},"content":{"rendered":"<p>Os valores e a \u00e9tica s\u00e3o o que constroem o ambiente do clube. \u00c9 o que defendemos e como agimos. Os valores do nosso clube s\u00e3o claros e demonstramo-los atrav\u00e9s da forma como interagimos com os outros (dentro e fora do campo) e como nos tratamos uns aos outros.<\/p>\n\n\n\n<figure class=\"wp-block-gallery has-nested-images columns-default is-cropped wp-block-gallery-1 is-layout-flex wp-block-gallery-is-layout-flex\">\n<figure class=\"wp-block-image size-large\"><img loading=\"lazy\" decoding=\"async\" width=\"1024\" height=\"1024\" data-id=\"219\" src=\"https:\/\/rocketsnetball.pt\/wp-content\/uploads\/2025\/08\/2-1024x1024.png\" alt=\"\" class=\"wp-image-219\" srcset=\"https:\/\/rocketsnetball.pt\/wp-content\/uploads\/2025\/08\/2-1024x1024.png 1024w, https:\/\/rocketsnetball.pt\/wp-content\/uploads\/2025\/08\/2-300x300.png 300w, https:\/\/rocketsnetball.pt\/wp-content\/uploads\/2025\/08\/2-150x150.png 150w, https:\/\/rocketsnetball.pt\/wp-content\/uploads\/2025\/08\/2-768x768.png 768w, https:\/\/rocketsnetball.pt\/wp-content\/uploads\/2025\/08\/2-12x12.png 12w, https:\/\/rocketsnetball.pt\/wp-content\/uploads\/2025\/08\/2-200x200.png 200w, https:\/\/rocketsnetball.pt\/wp-content\/uploads\/2025\/08\/2.png 1080w\" sizes=\"auto, (max-width: 1024px) 100vw, 1024px\" \/><\/figure>\n\n\n\n<figure class=\"wp-block-image size-large\"><img loading=\"lazy\" decoding=\"async\" width=\"1024\" height=\"1024\" data-id=\"222\" src=\"https:\/\/rocketsnetball.pt\/wp-content\/uploads\/2025\/08\/3-1024x1024.png\" alt=\"\" class=\"wp-image-222\" srcset=\"https:\/\/rocketsnetball.pt\/wp-content\/uploads\/2025\/08\/3-1024x1024.png 1024w, https:\/\/rocketsnetball.pt\/wp-content\/uploads\/2025\/08\/3-300x300.png 300w, https:\/\/rocketsnetball.pt\/wp-content\/uploads\/2025\/08\/3-150x150.png 150w, https:\/\/rocketsnetball.pt\/wp-content\/uploads\/2025\/08\/3-768x768.png 768w, https:\/\/rocketsnetball.pt\/wp-content\/uploads\/2025\/08\/3-12x12.png 12w, https:\/\/rocketsnetball.pt\/wp-content\/uploads\/2025\/08\/3-200x200.png 200w, https:\/\/rocketsnetball.pt\/wp-content\/uploads\/2025\/08\/3.png 1080w\" sizes=\"auto, (max-width: 1024px) 100vw, 1024px\" \/><\/figure>\n\n\n\n<figure class=\"wp-block-image size-large\"><img loading=\"lazy\" decoding=\"async\" width=\"1080\" height=\"1080\" data-id=\"221\" src=\"https:\/\/rocketsnetball.pt\/wp-content\/uploads\/2025\/08\/4-1024x1024.png\" alt=\"\" class=\"wp-image-221\" srcset=\"https:\/\/rocketsnetball.pt\/wp-content\/uploads\/2025\/08\/4-1024x1024.png 1024w, https:\/\/rocketsnetball.pt\/wp-content\/uploads\/2025\/08\/4-300x300.png 300w, https:\/\/rocketsnetball.pt\/wp-content\/uploads\/2025\/08\/4-150x150.png 150w, https:\/\/rocketsnetball.pt\/wp-content\/uploads\/2025\/08\/4-768x768.png 768w, https:\/\/rocketsnetball.pt\/wp-content\/uploads\/2025\/08\/4-12x12.png 12w, https:\/\/rocketsnetball.pt\/wp-content\/uploads\/2025\/08\/4-200x200.png 200w, https:\/\/rocketsnetball.pt\/wp-content\/uploads\/2025\/08\/4.png 1080w\" sizes=\"auto, (max-width: 1080px) 100vw, 1080px\" \/><\/figure>\n\n\n\n<figure class=\"wp-block-image size-large\"><img loading=\"lazy\" decoding=\"async\" width=\"1024\" height=\"1024\" data-id=\"223\" src=\"https:\/\/rocketsnetball.pt\/wp-content\/uploads\/2025\/08\/5-1024x1024.png\" alt=\"\" class=\"wp-image-223\" srcset=\"https:\/\/rocketsnetball.pt\/wp-content\/uploads\/2025\/08\/5-1024x1024.png 1024w, https:\/\/rocketsnetball.pt\/wp-content\/uploads\/2025\/08\/5-300x300.png 300w, https:\/\/rocketsnetball.pt\/wp-content\/uploads\/2025\/08\/5-150x150.png 150w, https:\/\/rocketsnetball.pt\/wp-content\/uploads\/2025\/08\/5-768x768.png 768w, https:\/\/rocketsnetball.pt\/wp-content\/uploads\/2025\/08\/5-12x12.png 12w, https:\/\/rocketsnetball.pt\/wp-content\/uploads\/2025\/08\/5-200x200.png 200w, https:\/\/rocketsnetball.pt\/wp-content\/uploads\/2025\/08\/5.png 1080w\" sizes=\"auto, (max-width: 1024px) 100vw, 1024px\" \/><\/figure>\n\n\n\n<figure class=\"wp-block-image size-large\"><img loading=\"lazy\" decoding=\"async\" width=\"1024\" height=\"1024\" data-id=\"224\" src=\"https:\/\/rocketsnetball.pt\/wp-content\/uploads\/2025\/08\/6-1024x1024.png\" alt=\"\" class=\"wp-image-224\" srcset=\"https:\/\/rocketsnetball.pt\/wp-content\/uploads\/2025\/08\/6-1024x1024.png 1024w, https:\/\/rocketsnetball.pt\/wp-content\/uploads\/2025\/08\/6-300x300.png 300w, https:\/\/rocketsnetball.pt\/wp-content\/uploads\/2025\/08\/6-150x150.png 150w, https:\/\/rocketsnetball.pt\/wp-content\/uploads\/2025\/08\/6-768x768.png 768w, https:\/\/rocketsnetball.pt\/wp-content\/uploads\/2025\/08\/6-12x12.png 12w, https:\/\/rocketsnetball.pt\/wp-content\/uploads\/2025\/08\/6-200x200.png 200w, https:\/\/rocketsnetball.pt\/wp-content\/uploads\/2025\/08\/6.png 1080w\" sizes=\"auto, (max-width: 1024px) 100vw, 1024px\" \/><\/figure>\n\n\n\n<figure class=\"wp-block-image size-large\"><img loading=\"lazy\" decoding=\"async\" width=\"1024\" height=\"1024\" data-id=\"220\" src=\"https:\/\/rocketsnetball.pt\/wp-content\/uploads\/2025\/08\/7-1024x1024.png\" alt=\"\" class=\"wp-image-220\" srcset=\"https:\/\/rocketsnetball.pt\/wp-content\/uploads\/2025\/08\/7-1024x1024.png 1024w, https:\/\/rocketsnetball.pt\/wp-content\/uploads\/2025\/08\/7-300x300.png 300w, https:\/\/rocketsnetball.pt\/wp-content\/uploads\/2025\/08\/7-150x150.png 150w, https:\/\/rocketsnetball.pt\/wp-content\/uploads\/2025\/08\/7-768x768.png 768w, https:\/\/rocketsnetball.pt\/wp-content\/uploads\/2025\/08\/7-12x12.png 12w, https:\/\/rocketsnetball.pt\/wp-content\/uploads\/2025\/08\/7-200x200.png 200w, https:\/\/rocketsnetball.pt\/wp-content\/uploads\/2025\/08\/7.png 1080w\" sizes=\"auto, (max-width: 1024px) 100vw, 1024px\" \/><\/figure>\n<\/figure>\n\n\n<div class=\"wp-block-image\">\n<figure class=\"aligncenter size-large is-resized\"><img loading=\"lazy\" decoding=\"async\" width=\"1024\" height=\"1024\" src=\"https:\/\/rocketsnetball.pt\/wp-content\/uploads\/2025\/08\/8-1024x1024.png\" alt=\"\" class=\"wp-image-225\" style=\"width:363px;height:auto\" srcset=\"https:\/\/rocketsnetball.pt\/wp-content\/uploads\/2025\/08\/8-1024x1024.png 1024w, https:\/\/rocketsnetball.pt\/wp-content\/uploads\/2025\/08\/8-300x300.png 300w, https:\/\/rocketsnetball.pt\/wp-content\/uploads\/2025\/08\/8-150x150.png 150w, https:\/\/rocketsnetball.pt\/wp-content\/uploads\/2025\/08\/8-768x768.png 768w, https:\/\/rocketsnetball.pt\/wp-content\/uploads\/2025\/08\/8-12x12.png 12w, https:\/\/rocketsnetball.pt\/wp-content\/uploads\/2025\/08\/8-200x200.png 200w, https:\/\/rocketsnetball.pt\/wp-content\/uploads\/2025\/08\/8.png 1080w\" sizes=\"auto, (max-width: 1024px) 100vw, 1024px\" \/><\/figure>\n<\/div>\n\n\n<p><br><\/p>","protected":false},"excerpt":{"rendered":"<p>Os valores e a \u00e9tica s\u00e3o o que constroem o ambiente do clube. \u00c9 o que defendemos e como agimos. Os valores do nosso clube s\u00e3o claros e demonstramo-los atrav\u00e9s da forma como interagimos com os outros (dentro e fora do campo) e como nos tratamos uns aos outros.<\/p>","protected":false},"author":1,"featured_media":0,"parent":0,"menu_order":0,"comment_status":"closed","ping_status":"closed","template":"","meta":{"footnotes":""},"class_list":["post-218","page","type-page","status-publish","hentry"],"brizy_media":[],"_links":{"self":[{"href":"https:\/\/rocketsnetball.pt\/pt\/wp-json\/wp\/v2\/pages\/218","targetHints":{"allow":["GET"]}}],"collection":[{"href":"https:\/\/rocketsnetball.pt\/pt\/wp-json\/wp\/v2\/pages"}],"about":[{"href":"https:\/\/rocketsnetball.pt\/pt\/wp-json\/wp\/v2\/types\/page"}],"author":[{"embeddable":true,"href":"https:\/\/rocketsnetball.pt\/pt\/wp-json\/wp\/v2\/users\/1"}],"replies":[{"embeddable":true,"href":"https:\/\/rocketsnetball.pt\/pt\/wp-json\/wp\/v2\/comments?post=218"}],"version-history":[{"count":5,"href":"https:\/\/rocketsnetball.pt\/pt\/wp-json\/wp\/v2\/pages\/218\/revisions"}],"predecessor-version":[{"id":231,"href":"https:\/\/rocketsnetball.pt\/pt\/wp-json\/wp\/v2\/pages\/218\/revisions\/231"}],"wp:attachment":[{"href":"https:\/\/rocketsnetball.pt\/pt\/wp-json\/wp\/v2\/media?parent=218"}],"curies":[{"name":"wp","href":"https:\/\/api.w.org\/{rel}","templated":true}]}}